{"id":126,"date":"2020-11-28T12:38:43","date_gmt":"2020-11-28T11:38:43","guid":{"rendered":"http:\/\/test.fkt-kst.at\/?page_id=126"},"modified":"2021-12-04T13:52:07","modified_gmt":"2021-12-04T12:52:07","slug":"verarbeitung","status":"publish","type":"page","link":"https:\/\/fkt-kst.at\/fkt-kunststofftechnik\/verarbeitung\/","title":{"rendered":"VERARBEITUNG"},"content":{"rendered":"\n<ul><li>Gie\u00dfen mit transparenten Epoxidharz<\/li><li>Wickelverfahren<\/li><li>Injektionsverfahren<\/li><li>Laminieren    <\/li><\/ul>\n\n\n\n<div class=\"wp-block-image\"><figure class=\"alignleft size-large is-resized\"><img loading=\"lazy\" src=\"http:\/\/test.fkt-kst.at\/wp-content\/uploads\/2020\/11\/roboter.jpg\" alt=\"\" class=\"wp-image-146\" width=\"326\" height=\"277\" srcset=\"https:\/\/fkt-kst.at\/wp-content\/uploads\/2020\/11\/roboter.jpg 620w, https:\/\/fkt-kst.at\/wp-content\/uploads\/2020\/11\/roboter-300x255.jpg 300w\" sizes=\"(max-width: 326px) 100vw, 326px\" \/><\/figure><\/div>\n\n\n\n<p>KUKA-6-Achs<br>Roboter<\/p>\n\n\n\n<p>f\u00fcr exakte Befr\u00e4sung der Teile<\/p>\n","protected":false},"excerpt":{"rendered":"<p>Gie\u00dfen mit transparenten Epoxidharz Wickelverfahren Injektionsverfahren Laminieren KUKA-6-AchsRoboter f\u00fcr exakte Befr\u00e4sung der Teile<\/p>\n","protected":false},"author":1,"featured_media":0,"parent":0,"menu_order":0,"comment_status":"closed","ping_status":"closed","template":"","meta":[],"_links":{"self":[{"href":"https:\/\/fkt-kst.at\/fkt-kunststofftechnik\/wp-json\/wp\/v2\/pages\/126"}],"collection":[{"href":"https:\/\/fkt-kst.at\/fkt-kunststofftechnik\/wp-json\/wp\/v2\/pages"}],"about":[{"href":"https:\/\/fkt-kst.at\/fkt-kunststofftechnik\/wp-json\/wp\/v2\/types\/page"}],"author":[{"embeddable":true,"href":"https:\/\/fkt-kst.at\/fkt-kunststofftechnik\/wp-json\/wp\/v2\/users\/1"}],"replies":[{"embeddable":true,"href":"https:\/\/fkt-kst.at\/fkt-kunststofftechnik\/wp-json\/wp\/v2\/comments?post=126"}],"version-history":[{"count":7,"href":"https:\/\/fkt-kst.at\/fkt-kunststofftechnik\/wp-json\/wp\/v2\/pages\/126\/revisions"}],"predecessor-version":[{"id":337,"href":"https:\/\/fkt-kst.at\/fkt-kunststofftechnik\/wp-json\/wp\/v2\/pages\/126\/revisions\/337"}],"wp:attachment":[{"href":"https:\/\/fkt-kst.at\/fkt-kunststofftechnik\/wp-json\/wp\/v2\/media?parent=126"}],"curies":[{"name":"wp","href":"https:\/\/api.w.org\/{rel}","templated":true}]}}