{"id":27,"date":"2020-11-28T11:24:11","date_gmt":"2020-11-28T10:24:11","guid":{"rendered":"http:\/\/test.fkt-kst.at\/?page_id=27"},"modified":"2020-11-28T14:00:39","modified_gmt":"2020-11-28T13:00:39","slug":"kontakt-2","status":"publish","type":"page","link":"https:\/\/fkt-kst.at\/fkt-kunststofftechnik\/kontakt-2\/","title":{"rendered":"KONTAKT"},"content":{"rendered":"\n<h2>Kontaktadresse<\/h2>\n\n\n\n<p>FKT Kunststofftechnik<br>Stefan Exenberger<br>Perlmooserstra\u00dfe 5\/3<br>6322 Kirchbichl \/ Tirol<br>Tel. +43 (0)5332 77 849<br><br>info@fkt-kst.at<\/p>\n\n\n\n<p>UID Nr. ATU 621 859 68<\/p>\n\n\n\n<h2>Copyright<\/h2>\n\n\n\n<p>S\u00e4mtliche auf dieser Homepage ver\u00f6ffentlichte Texte unterliegen dem Schutz des Urheberrechts.<br>Urheber ist entweder die FKT Kunststofftechnik oder die in der Quellenangabe genannte Person.<br>Eine Wiedergabe, Massenvervielf\u00e4ltigung oder Ver\u00f6ffentlichung der auf der&nbsp;Homepage befindlichen Informationen ist nicht gestattet.<br>Zitate sind nur unter Nennung der Quelle erlaubt.<br>Die Genehmigung zum Abdruck oder zur Weiterverbreitung kann im Einzelfall erteilt werden.<br><br>Haftungsausschluss: Es wird keinerlei Haftung f\u00fcr die von der Website verlinkten Inhalte fremder Websites \u00fcbernommen!<\/p>\n\n\n\n<p>&#8222;Diese Website benutzt Google Analytics, einen Webanalysedienst der Google Inc. (\u201eGoogle\u201c). Google Analytics verwendet sog. \u201eCookies\u201c, Textdateien, die auf Ihrem Computer gespeichert werden und die eine Analyse der Benutzung der Website durch Sie erm\u00f6glicht. Die durch den Cookie erzeugten Informationen \u00fcber Ihre Benutzung dieser Website (einschlie\u00dflich Ihrer IP-Adresse) wird an einen Server von Google in den USA \u00fcbertragen und dort gespeichert. Google wird diese Informationen benutzen, um Ihre Nutzung der Website auszuwerten, um Reports \u00fcber die Websiteaktivit\u00e4ten f\u00fcr die Websitebetreiber zusammenzustellen und um weitere mit der Websitenutzung und der Internetnutzung verbundene Dienstleistungen zu erbringen. Auch wird Google diese Informationen gegebenenfalls an Dritte \u00fcbertragen, sofern dies gesetzlich vorgeschrieben oder soweit Dritte diese Daten im Auftrag von Google verarbeiten. Google wird in keinem Fall Ihre IP-Adresse mit anderen Daten, die von Google gespeichert werden, in Verbindung bringen. Sie k\u00f6nnen die Installation der Cookies durch eine entsprechende Einstellung Ihrer Browser Software verhindern; wir weisen Sie jedoch darauf hin, dass Sie in diesem Fall gegebenenfalls nicht s\u00e4mtliche Funktionen dieser Website voll umf\u00e4nglich nutzen k\u00f6nnen. Durch die Nutzung dieser Website erkl\u00e4ren Sie sich mit der Bearbeitung der \u00fcber Sie erhobenen Daten durch Google in der zuvor beschriebenen Art und Weise und zu dem zuvor benannten Zweck einverstanden.\u201c<\/p>\n\n\n\n<p>F\u00fcr den Inhalt verantwortlich:<br>FKT Kunststofftechnik<\/p>\n","protected":false},"excerpt":{"rendered":"<p>Kontaktadresse FKT KunststofftechnikStefan ExenbergerPerlmooserstra\u00dfe 5\/36322 Kirchbichl \/ TirolTel. +43 (0)5332 77 849 info@fkt-kst.at UID Nr. ATU 621 859 68 Copyright<\/p>\n","protected":false},"author":1,"featured_media":0,"parent":0,"menu_order":0,"comment_status":"closed","ping_status":"closed","template":"","meta":[],"_links":{"self":[{"href":"https:\/\/fkt-kst.at\/fkt-kunststofftechnik\/wp-json\/wp\/v2\/pages\/27"}],"collection":[{"href":"https:\/\/fkt-kst.at\/fkt-kunststofftechnik\/wp-json\/wp\/v2\/pages"}],"about":[{"href":"https:\/\/fkt-kst.at\/fkt-kunststofftechnik\/wp-json\/wp\/v2\/types\/page"}],"author":[{"embeddable":true,"href":"https:\/\/fkt-kst.at\/fkt-kunststofftechnik\/wp-json\/wp\/v2\/users\/1"}],"replies":[{"embeddable":true,"href":"https:\/\/fkt-kst.at\/fkt-kunststofftechnik\/wp-json\/wp\/v2\/comments?post=27"}],"version-history":[{"count":2,"href":"https:\/\/fkt-kst.at\/fkt-kunststofftechnik\/wp-json\/wp\/v2\/pages\/27\/revisions"}],"predecessor-version":[{"id":221,"href":"https:\/\/fkt-kst.at\/fkt-kunststofftechnik\/wp-json\/wp\/v2\/pages\/27\/revisions\/221"}],"wp:attachment":[{"href":"https:\/\/fkt-kst.at\/fkt-kunststofftechnik\/wp-json\/wp\/v2\/media?parent=27"}],"curies":[{"name":"wp","href":"https:\/\/api.w.org\/{rel}","templated":true}]}}