{"id":316,"date":"2021-11-30T14:07:49","date_gmt":"2021-11-30T13:07:49","guid":{"rendered":"https:\/\/fkt-kst.at\/fkt-kunststofftechnik\/?page_id=316"},"modified":"2025-05-30T09:18:40","modified_gmt":"2025-05-30T07:18:40","slug":"ueber-uns","status":"publish","type":"page","link":"https:\/\/fkt-kst.at\/fkt-kunststofftechnik\/ueber-uns\/","title":{"rendered":"\u00dcber uns"},"content":{"rendered":"\n<p class=\"has-medium-font-size\"><strong>Historie<\/strong><\/p>\n\n\n\n<p>Der Familienbetrieb FKT Kunststofftechnik wurde in den 80er Jahren von Josef Fuchs und seiner Ehefrau Johanna Fuchs in Itter in Tirol gegr\u00fcndet. <br>2006 \u00fcbernahm sein Schwiegersohn Stefan Exenberger die Leitung und f\u00fchrt den Betrieb bis heute weiter. <br>2014 \u00fcbersiedelte das gesamte Team zu dem jetzigen Standort nach Kirchbichl in Tirol. <\/p>\n\n\n\n<p><\/p>\n\n\n\n<p class=\"has-medium-font-size\"><strong>Verarbeitung<\/strong><\/p>\n\n\n\n<div class=\"wp-block-group\"><div class=\"wp-block-group__inner-container\"><\/div><\/div>\n\n\n\n<div class=\"wp-block-media-text alignwide is-stacked-on-mobile\"><figure class=\"wp-block-media-text__media\"><img loading=\"lazy\" width=\"1024\" height=\"768\" src=\"https:\/\/fkt-kst.at\/wp-content\/uploads\/2021\/12\/Arbeiten-bei-FKT-002-1-1024x768.jpg\" alt=\"\" class=\"wp-image-348 size-full\" srcset=\"https:\/\/fkt-kst.at\/wp-content\/uploads\/2021\/12\/Arbeiten-bei-FKT-002-1-1024x768.jpg 1024w, https:\/\/fkt-kst.at\/wp-content\/uploads\/2021\/12\/Arbeiten-bei-FKT-002-1-300x225.jpg 300w, https:\/\/fkt-kst.at\/wp-content\/uploads\/2021\/12\/Arbeiten-bei-FKT-002-1-768x576.jpg 768w, https:\/\/fkt-kst.at\/wp-content\/uploads\/2021\/12\/Arbeiten-bei-FKT-002-1.jpg 1280w\" sizes=\"(max-width: 1024px) 100vw, 1024px\" \/><\/figure><div class=\"wp-block-media-text__content\">\n<div class=\"wp-block-group\"><div class=\"wp-block-group__inner-container\">\n<p> Unser Aufgabenbereich umfasst haupts\u00e4chlich das Handlaminieren.<br>Dies ist ein altes und traditionelles Verfahren, welches sich vor allem f\u00fcr das Anfertigen von Prototypen eignet. <br>Um die Qualit\u00e4t jedes einzelnen mit Hand verarbeiteten Produktes zu sichern, fokussieren wir uns vor allem auf das Produzieren kleinerer St\u00fcckzahlen bzw. Kleinserien.<\/p>\n<\/div><\/div>\n<\/div><\/div>\n\n\n\n<div class=\"wp-block-group\"><div class=\"wp-block-group__inner-container\">\n<p>Hierbei k\u00f6nnen Sie nicht nur den Fortschritt der Produkte mitverfolgen, sondern auch sich pers\u00f6nlich von Herrn Exenberger beraten lassen. Gerne vereinbaren wir mit Ihnen einen Termin, um sowohl Ihre W\u00fcnsche als auch Ihre Vorstellungen bestm\u00f6glich umsetzten zu k\u00f6nnen. <\/p>\n\n\n\n<p><\/p>\n\n\n\n<p class=\"has-medium-font-size\"><strong>Gesch\u00e4ftsf\u00fchrer Stefan Exenberger<\/strong><\/p>\n\n\n\n<div class=\"wp-block-image\"><figure class=\"alignright size-large is-resized\"><img loading=\"lazy\" src=\"https:\/\/fkt-kst.at\/wp-content\/uploads\/2021\/12\/Portrait-1024x1024.jpg\" alt=\"\" class=\"wp-image-352\" width=\"350\" height=\"350\" srcset=\"https:\/\/fkt-kst.at\/wp-content\/uploads\/2021\/12\/Portrait-1024x1024.jpg 1024w, https:\/\/fkt-kst.at\/wp-content\/uploads\/2021\/12\/Portrait-300x300.jpg 300w, https:\/\/fkt-kst.at\/wp-content\/uploads\/2021\/12\/Portrait-150x150.jpg 150w, https:\/\/fkt-kst.at\/wp-content\/uploads\/2021\/12\/Portrait-768x768.jpg 768w, https:\/\/fkt-kst.at\/wp-content\/uploads\/2021\/12\/Portrait.jpg 1536w\" sizes=\"(max-width: 350px) 100vw, 350px\" \/><\/figure><\/div>\n\n\n\n<p>2002 trat Stefan den Familienbetrieb bei und \u00fcbernahm diesen vier Jahre sp\u00e4ter.<br>Mit seiner langj\u00e4hrigen Erfahrung im Verarbeiten von Handlaminaten stellt er sich jeder Herausforderung und setzt alle anstehenden Projekte Ihrerseits in die Tat um. <\/p>\n<\/div><\/div>\n\n\n\n<p><\/p>\n","protected":false},"excerpt":{"rendered":"<p>Historie Der Familienbetrieb FKT Kunststofftechnik wurde in den 80er Jahren von Josef Fuchs und seiner Ehefrau Johanna Fuchs in Itter<\/p>\n","protected":false},"author":1,"featured_media":0,"parent":0,"menu_order":0,"comment_status":"closed","ping_status":"closed","template":"","meta":[],"_links":{"self":[{"href":"https:\/\/fkt-kst.at\/fkt-kunststofftechnik\/wp-json\/wp\/v2\/pages\/316"}],"collection":[{"href":"https:\/\/fkt-kst.at\/fkt-kunststofftechnik\/wp-json\/wp\/v2\/pages"}],"about":[{"href":"https:\/\/fkt-kst.at\/fkt-kunststofftechnik\/wp-json\/wp\/v2\/types\/page"}],"author":[{"embeddable":true,"href":"https:\/\/fkt-kst.at\/fkt-kunststofftechnik\/wp-json\/wp\/v2\/users\/1"}],"replies":[{"embeddable":true,"href":"https:\/\/fkt-kst.at\/fkt-kunststofftechnik\/wp-json\/wp\/v2\/comments?post=316"}],"version-history":[{"count":14,"href":"https:\/\/fkt-kst.at\/fkt-kunststofftechnik\/wp-json\/wp\/v2\/pages\/316\/revisions"}],"predecessor-version":[{"id":486,"href":"https:\/\/fkt-kst.at\/fkt-kunststofftechnik\/wp-json\/wp\/v2\/pages\/316\/revisions\/486"}],"wp:attachment":[{"href":"https:\/\/fkt-kst.at\/fkt-kunststofftechnik\/wp-json\/wp\/v2\/media?parent=316"}],"curies":[{"name":"wp","href":"https:\/\/api.w.org\/{rel}","templated":true}]}}