{"id":449,"date":"2025-05-30T08:25:20","date_gmt":"2025-05-30T06:25:20","guid":{"rendered":"https:\/\/fkt-kst.at\/fkt-kunststofftechnik\/?page_id=449"},"modified":"2025-05-30T08:52:31","modified_gmt":"2025-05-30T06:52:31","slug":"industrieboeden","status":"publish","type":"page","link":"https:\/\/fkt-kst.at\/fkt-kunststofftechnik\/produkte\/industrieboeden\/","title":{"rendered":"Industrieb\u00f6den"},"content":{"rendered":"\n<p>Herstellung von widerstandsf\u00e4higen und langlebigen Industrieb\u00f6den, die sich durch ihre hohe Robustheit und leichte Reinigung auszeichnen. Die B\u00f6den sind in verschiedenen Farbt\u00f6nen erh\u00e4ltlich und sowohl f\u00fcr den gewerblichen als auch f\u00fcr den Wohnbau geeignet.<\/p>\n\n\n\n<figure class=\"wp-block-image size-large\"><img loading=\"lazy\" width=\"1024\" height=\"768\" src=\"https:\/\/fkt-kst.at\/wp-content\/uploads\/2025\/05\/boden-1-1024x768.jpg\" alt=\"\" class=\"wp-image-460\" srcset=\"https:\/\/fkt-kst.at\/wp-content\/uploads\/2025\/05\/boden-1-1024x768.jpg 1024w, https:\/\/fkt-kst.at\/wp-content\/uploads\/2025\/05\/boden-1-300x225.jpg 300w, https:\/\/fkt-kst.at\/wp-content\/uploads\/2025\/05\/boden-1-768x576.jpg 768w, https:\/\/fkt-kst.at\/wp-content\/uploads\/2025\/05\/boden-1-1536x1152.jpg 1536w, https:\/\/fkt-kst.at\/wp-content\/uploads\/2025\/05\/boden-1.jpg 1600w\" sizes=\"(max-width: 1024px) 100vw, 1024px\" \/><\/figure>\n\n\n\n<p>Vorher \/ Nachher Vergleich der Sanierung eines alten Garagenbodens (Farbchips Granit-hell, rutschhemmend) <\/p>\n\n\n\n<figure class=\"wp-block-gallery columns-2 is-cropped\"><ul class=\"blocks-gallery-grid\"><li class=\"blocks-gallery-item\"><figure><img loading=\"lazy\" width=\"1024\" height=\"768\" src=\"https:\/\/fkt-kst.at\/wp-content\/uploads\/2025\/05\/IMG_20250518_102653-1024x768.jpg\" alt=\"\" data-id=\"454\" data-full-url=\"https:\/\/fkt-kst.at\/wp-content\/uploads\/2025\/05\/IMG_20250518_102653-scaled.jpg\" data-link=\"https:\/\/fkt-kst.at\/fkt-kunststofftechnik\/produkte\/industrieboeden\/img_20250518_102653\/\" class=\"wp-image-454\" srcset=\"https:\/\/fkt-kst.at\/wp-content\/uploads\/2025\/05\/IMG_20250518_102653-1024x768.jpg 1024w, https:\/\/fkt-kst.at\/wp-content\/uploads\/2025\/05\/IMG_20250518_102653-300x225.jpg 300w, https:\/\/fkt-kst.at\/wp-content\/uploads\/2025\/05\/IMG_20250518_102653-768x576.jpg 768w, https:\/\/fkt-kst.at\/wp-content\/uploads\/2025\/05\/IMG_20250518_102653-1536x1152.jpg 1536w, https:\/\/fkt-kst.at\/wp-content\/uploads\/2025\/05\/IMG_20250518_102653-2048x1536.jpg 2048w\" sizes=\"(max-width: 1024px) 100vw, 1024px\" \/><\/figure><\/li><li class=\"blocks-gallery-item\"><figure><img loading=\"lazy\" width=\"1024\" height=\"768\" src=\"https:\/\/fkt-kst.at\/wp-content\/uploads\/2025\/05\/IMG_20250517_081757-1024x768.jpg\" alt=\"\" data-id=\"455\" data-full-url=\"https:\/\/fkt-kst.at\/wp-content\/uploads\/2025\/05\/IMG_20250517_081757-scaled.jpg\" data-link=\"https:\/\/fkt-kst.at\/fkt-kunststofftechnik\/produkte\/industrieboeden\/img_20250517_081757\/\" class=\"wp-image-455\" srcset=\"https:\/\/fkt-kst.at\/wp-content\/uploads\/2025\/05\/IMG_20250517_081757-1024x768.jpg 1024w, https:\/\/fkt-kst.at\/wp-content\/uploads\/2025\/05\/IMG_20250517_081757-300x225.jpg 300w, https:\/\/fkt-kst.at\/wp-content\/uploads\/2025\/05\/IMG_20250517_081757-768x576.jpg 768w, https:\/\/fkt-kst.at\/wp-content\/uploads\/2025\/05\/IMG_20250517_081757-1536x1152.jpg 1536w, https:\/\/fkt-kst.at\/wp-content\/uploads\/2025\/05\/IMG_20250517_081757-2048x1536.jpg 2048w\" sizes=\"(max-width: 1024px) 100vw, 1024px\" \/><\/figure><\/li><\/ul><\/figure>\n","protected":false},"excerpt":{"rendered":"<p>Herstellung von widerstandsf\u00e4higen und langlebigen Industrieb\u00f6den, die sich durch ihre hohe Robustheit und leichte Reinigung auszeichnen. Die B\u00f6den sind in<\/p>\n","protected":false},"author":1,"featured_media":0,"parent":127,"menu_order":0,"comment_status":"closed","ping_status":"closed","template":"","meta":[],"_links":{"self":[{"href":"https:\/\/fkt-kst.at\/fkt-kunststofftechnik\/wp-json\/wp\/v2\/pages\/449"}],"collection":[{"href":"https:\/\/fkt-kst.at\/fkt-kunststofftechnik\/wp-json\/wp\/v2\/pages"}],"about":[{"href":"https:\/\/fkt-kst.at\/fkt-kunststofftechnik\/wp-json\/wp\/v2\/types\/page"}],"author":[{"embeddable":true,"href":"https:\/\/fkt-kst.at\/fkt-kunststofftechnik\/wp-json\/wp\/v2\/users\/1"}],"replies":[{"embeddable":true,"href":"https:\/\/fkt-kst.at\/fkt-kunststofftechnik\/wp-json\/wp\/v2\/comments?post=449"}],"version-history":[{"count":5,"href":"https:\/\/fkt-kst.at\/fkt-kunststofftechnik\/wp-json\/wp\/v2\/pages\/449\/revisions"}],"predecessor-version":[{"id":462,"href":"https:\/\/fkt-kst.at\/fkt-kunststofftechnik\/wp-json\/wp\/v2\/pages\/449\/revisions\/462"}],"up":[{"embeddable":true,"href":"https:\/\/fkt-kst.at\/fkt-kunststofftechnik\/wp-json\/wp\/v2\/pages\/127"}],"wp:attachment":[{"href":"https:\/\/fkt-kst.at\/fkt-kunststofftechnik\/wp-json\/wp\/v2\/media?parent=449"}],"curies":[{"name":"wp","href":"https:\/\/api.w.org\/{rel}","templated":true}]}}