{"id":85,"date":"2020-11-28T12:57:40","date_gmt":"2020-11-28T11:57:40","guid":{"rendered":"http:\/\/test.fkt-kst.at\/?page_id=85"},"modified":"2025-05-30T07:56:27","modified_gmt":"2025-05-30T05:56:27","slug":"monoski-rettungsrutschen","status":"publish","type":"page","link":"https:\/\/fkt-kst.at\/fkt-kunststofftechnik\/produkte\/monoski-rettungsrutschen\/","title":{"rendered":"Monoski &#038; Rettungsrutschen"},"content":{"rendered":"\n<p><\/p>\n\n\n\n<p class=\"has-medium-font-size\"><strong>Monoski<\/strong><\/p>\n\n\n\n<p>Spezialanfertigung f\u00fcr den Spitzensportler Roman Rabl<\/p>\n\n\n\n<figure class=\"wp-block-image size-full\"><img loading=\"lazy\" width=\"800\" height=\"599\" src=\"https:\/\/fkt-kst.at\/wp-content\/uploads\/2022\/07\/1645425848710.jpg\" alt=\"\" class=\"wp-image-394\" srcset=\"https:\/\/fkt-kst.at\/wp-content\/uploads\/2022\/07\/1645425848710.jpg 800w, https:\/\/fkt-kst.at\/wp-content\/uploads\/2022\/07\/1645425848710-300x225.jpg 300w, https:\/\/fkt-kst.at\/wp-content\/uploads\/2022\/07\/1645425848710-768x575.jpg 768w\" sizes=\"(max-width: 800px) 100vw, 800px\" \/><\/figure>\n\n\n\n<p><\/p>\n\n\n\n<p class=\"has-medium-font-size\"><strong>Rettungsrutschen<\/strong><\/p>\n\n\n\n<p>GFK-Rettungsrutsche; schnell und einfach einen Zugang schaffen, f\u00fcr Tanks Beh\u00e4lter oder Silo \u00fcber ein seitliches Mannloch.<\/p>\n\n\n\n<figure class=\"wp-block-image size-large\"><img loading=\"lazy\" width=\"1024\" height=\"766\" src=\"https:\/\/fkt-kst.at\/wp-content\/uploads\/2022\/07\/IMG-20220601-WA0000-1024x766.jpg\" alt=\"\" class=\"wp-image-384\" srcset=\"https:\/\/fkt-kst.at\/wp-content\/uploads\/2022\/07\/IMG-20220601-WA0000-1024x766.jpg 1024w, https:\/\/fkt-kst.at\/wp-content\/uploads\/2022\/07\/IMG-20220601-WA0000-300x224.jpg 300w, https:\/\/fkt-kst.at\/wp-content\/uploads\/2022\/07\/IMG-20220601-WA0000-768x574.jpg 768w, https:\/\/fkt-kst.at\/wp-content\/uploads\/2022\/07\/IMG-20220601-WA0000-1536x1149.jpg 1536w, https:\/\/fkt-kst.at\/wp-content\/uploads\/2022\/07\/IMG-20220601-WA0000.jpg 2016w\" sizes=\"(max-width: 1024px) 100vw, 1024px\" \/><\/figure>\n","protected":false},"excerpt":{"rendered":"<p>Monoski Spezialanfertigung f\u00fcr den Spitzensportler Roman Rabl Rettungsrutschen GFK-Rettungsrutsche; schnell und einfach einen Zugang schaffen, f\u00fcr Tanks Beh\u00e4lter oder Silo<\/p>\n","protected":false},"author":1,"featured_media":0,"parent":127,"menu_order":0,"comment_status":"closed","ping_status":"closed","template":"","meta":[],"_links":{"self":[{"href":"https:\/\/fkt-kst.at\/fkt-kunststofftechnik\/wp-json\/wp\/v2\/pages\/85"}],"collection":[{"href":"https:\/\/fkt-kst.at\/fkt-kunststofftechnik\/wp-json\/wp\/v2\/pages"}],"about":[{"href":"https:\/\/fkt-kst.at\/fkt-kunststofftechnik\/wp-json\/wp\/v2\/types\/page"}],"author":[{"embeddable":true,"href":"https:\/\/fkt-kst.at\/fkt-kunststofftechnik\/wp-json\/wp\/v2\/users\/1"}],"replies":[{"embeddable":true,"href":"https:\/\/fkt-kst.at\/fkt-kunststofftechnik\/wp-json\/wp\/v2\/comments?post=85"}],"version-history":[{"count":7,"href":"https:\/\/fkt-kst.at\/fkt-kunststofftechnik\/wp-json\/wp\/v2\/pages\/85\/revisions"}],"predecessor-version":[{"id":424,"href":"https:\/\/fkt-kst.at\/fkt-kunststofftechnik\/wp-json\/wp\/v2\/pages\/85\/revisions\/424"}],"up":[{"embeddable":true,"href":"https:\/\/fkt-kst.at\/fkt-kunststofftechnik\/wp-json\/wp\/v2\/pages\/127"}],"wp:attachment":[{"href":"https:\/\/fkt-kst.at\/fkt-kunststofftechnik\/wp-json\/wp\/v2\/media?parent=85"}],"curies":[{"name":"wp","href":"https:\/\/api.w.org\/{rel}","templated":true}]}}