{"id":92,"date":"2020-11-28T12:56:37","date_gmt":"2020-11-28T11:56:37","guid":{"rendered":"http:\/\/test.fkt-kst.at\/?page_id=92"},"modified":"2022-07-13T08:02:30","modified_gmt":"2022-07-13T06:02:30","slug":"gfk-blumentoepfe-kirsche-ei","status":"publish","type":"page","link":"https:\/\/fkt-kst.at\/fkt-kunststofftechnik\/produkte\/gfk-blumentoepfe-kirsche-ei\/","title":{"rendered":"GFK Blument\u00f6pfe, Kirsche &#038; Ei"},"content":{"rendered":"\n<p><\/p>\n\n\n\n<p class=\"has-medium-font-size\"><strong>GFK Blument\u00f6pfe<\/strong><\/p>\n\n\n\n<p>Unsere Blument\u00f6pfe sind in verschiedenen Gr\u00f6\u00dfen und RAL-Farben erh\u00e4ltlich &#8211; auch mit Beleuchtung. Das Angebot wird Ihnen nach Ihren Vorstellungen und auf Anfrage erstellt.<\/p>\n\n\n\n<figure class=\"wp-block-gallery columns-3 is-cropped\"><ul class=\"blocks-gallery-grid\"><li class=\"blocks-gallery-item\"><figure><img loading=\"lazy\" width=\"766\" height=\"1024\" src=\"https:\/\/fkt-kst.at\/wp-content\/uploads\/2022\/07\/WhatsApp-Image-2022-07-13-at-07.30.05-1-766x1024.jpeg\" alt=\"\" data-id=\"375\" data-full-url=\"https:\/\/fkt-kst.at\/wp-content\/uploads\/2022\/07\/WhatsApp-Image-2022-07-13-at-07.30.05-1.jpeg\" data-link=\"https:\/\/fkt-kst.at\/fkt-kunststofftechnik\/produkte\/gfk-kirsche\/whatsapp-image-2022-07-13-at-07-30-05-1\/\" class=\"wp-image-375\" srcset=\"https:\/\/fkt-kst.at\/wp-content\/uploads\/2022\/07\/WhatsApp-Image-2022-07-13-at-07.30.05-1-766x1024.jpeg 766w, https:\/\/fkt-kst.at\/wp-content\/uploads\/2022\/07\/WhatsApp-Image-2022-07-13-at-07.30.05-1-224x300.jpeg 224w, https:\/\/fkt-kst.at\/wp-content\/uploads\/2022\/07\/WhatsApp-Image-2022-07-13-at-07.30.05-1-768x1027.jpeg 768w, https:\/\/fkt-kst.at\/wp-content\/uploads\/2022\/07\/WhatsApp-Image-2022-07-13-at-07.30.05-1-1149x1536.jpeg 1149w, https:\/\/fkt-kst.at\/wp-content\/uploads\/2022\/07\/WhatsApp-Image-2022-07-13-at-07.30.05-1.jpeg 1508w\" sizes=\"(max-width: 766px) 100vw, 766px\" \/><\/figure><\/li><li class=\"blocks-gallery-item\"><figure><img loading=\"lazy\" width=\"1024\" height=\"766\" src=\"https:\/\/fkt-kst.at\/wp-content\/uploads\/2022\/07\/WhatsApp-Image-2022-07-13-at-07.30.07-3-1024x766.jpeg\" alt=\"\" data-id=\"377\" data-full-url=\"https:\/\/fkt-kst.at\/wp-content\/uploads\/2022\/07\/WhatsApp-Image-2022-07-13-at-07.30.07-3.jpeg\" data-link=\"https:\/\/fkt-kst.at\/fkt-kunststofftechnik\/produkte\/gfk-kirsche\/whatsapp-image-2022-07-13-at-07-30-07-3\/\" class=\"wp-image-377\" srcset=\"https:\/\/fkt-kst.at\/wp-content\/uploads\/2022\/07\/WhatsApp-Image-2022-07-13-at-07.30.07-3-1024x766.jpeg 1024w, https:\/\/fkt-kst.at\/wp-content\/uploads\/2022\/07\/WhatsApp-Image-2022-07-13-at-07.30.07-3-300x224.jpeg 300w, https:\/\/fkt-kst.at\/wp-content\/uploads\/2022\/07\/WhatsApp-Image-2022-07-13-at-07.30.07-3-768x574.jpeg 768w, https:\/\/fkt-kst.at\/wp-content\/uploads\/2022\/07\/WhatsApp-Image-2022-07-13-at-07.30.07-3-1536x1149.jpeg 1536w, https:\/\/fkt-kst.at\/wp-content\/uploads\/2022\/07\/WhatsApp-Image-2022-07-13-at-07.30.07-3.jpeg 2016w\" sizes=\"(max-width: 1024px) 100vw, 1024px\" \/><\/figure><\/li><li class=\"blocks-gallery-item\"><figure><img loading=\"lazy\" width=\"768\" height=\"1024\" src=\"https:\/\/fkt-kst.at\/wp-content\/uploads\/2022\/07\/WhatsApp-Image-2022-07-13-at-07.30.33-768x1024.jpeg\" alt=\"\" data-id=\"378\" data-full-url=\"https:\/\/fkt-kst.at\/wp-content\/uploads\/2022\/07\/WhatsApp-Image-2022-07-13-at-07.30.33.jpeg\" data-link=\"https:\/\/fkt-kst.at\/fkt-kunststofftechnik\/produkte\/gfk-kirsche\/whatsapp-image-2022-07-13-at-07-30-33\/\" class=\"wp-image-378\" srcset=\"https:\/\/fkt-kst.at\/wp-content\/uploads\/2022\/07\/WhatsApp-Image-2022-07-13-at-07.30.33-768x1024.jpeg 768w, https:\/\/fkt-kst.at\/wp-content\/uploads\/2022\/07\/WhatsApp-Image-2022-07-13-at-07.30.33-225x300.jpeg 225w, https:\/\/fkt-kst.at\/wp-content\/uploads\/2022\/07\/WhatsApp-Image-2022-07-13-at-07.30.33-1152x1536.jpeg 1152w, https:\/\/fkt-kst.at\/wp-content\/uploads\/2022\/07\/WhatsApp-Image-2022-07-13-at-07.30.33.jpeg 1200w\" sizes=\"(max-width: 768px) 100vw, 768px\" \/><\/figure><\/li><li class=\"blocks-gallery-item\"><figure><img loading=\"lazy\" width=\"1024\" height=\"766\" src=\"https:\/\/fkt-kst.at\/wp-content\/uploads\/2022\/07\/WhatsApp-Image-2022-07-13-at-07.30.05-1024x766.jpeg\" alt=\"\" data-id=\"376\" data-full-url=\"https:\/\/fkt-kst.at\/wp-content\/uploads\/2022\/07\/WhatsApp-Image-2022-07-13-at-07.30.05.jpeg\" data-link=\"https:\/\/fkt-kst.at\/fkt-kunststofftechnik\/produkte\/gfk-kirsche\/whatsapp-image-2022-07-13-at-07-30-05\/\" class=\"wp-image-376\" srcset=\"https:\/\/fkt-kst.at\/wp-content\/uploads\/2022\/07\/WhatsApp-Image-2022-07-13-at-07.30.05-1024x766.jpeg 1024w, https:\/\/fkt-kst.at\/wp-content\/uploads\/2022\/07\/WhatsApp-Image-2022-07-13-at-07.30.05-300x224.jpeg 300w, https:\/\/fkt-kst.at\/wp-content\/uploads\/2022\/07\/WhatsApp-Image-2022-07-13-at-07.30.05-768x574.jpeg 768w, https:\/\/fkt-kst.at\/wp-content\/uploads\/2022\/07\/WhatsApp-Image-2022-07-13-at-07.30.05-1536x1149.jpeg 1536w, https:\/\/fkt-kst.at\/wp-content\/uploads\/2022\/07\/WhatsApp-Image-2022-07-13-at-07.30.05.jpeg 2016w\" sizes=\"(max-width: 1024px) 100vw, 1024px\" \/><\/figure><\/li><\/ul><\/figure>\n\n\n\n<p><\/p>\n\n\n\n<p class=\"has-medium-font-size\"><strong>GFK Kirsche<\/strong><\/p>\n\n\n\n<p>&#8222;Hexenwasser&#8220; in S\u00f6ll<\/p>\n\n\n\n<figure class=\"wp-block-gallery columns-3 is-cropped\"><ul class=\"blocks-gallery-grid\"><li class=\"blocks-gallery-item\"><figure><img loading=\"lazy\" width=\"1024\" height=\"768\" src=\"http:\/\/test.fkt-kst.at\/wp-content\/uploads\/2020\/11\/kirsche2014001-1024x768.jpg\" alt=\"\" data-id=\"93\" data-full-url=\"http:\/\/test.fkt-kst.at\/wp-content\/uploads\/2020\/11\/kirsche2014001.jpg\" data-link=\"http:\/\/test.fkt-kst.at\/?attachment_id=93\" class=\"wp-image-93\" srcset=\"https:\/\/fkt-kst.at\/wp-content\/uploads\/2020\/11\/kirsche2014001-1024x768.jpg 1024w, https:\/\/fkt-kst.at\/wp-content\/uploads\/2020\/11\/kirsche2014001-300x225.jpg 300w, https:\/\/fkt-kst.at\/wp-content\/uploads\/2020\/11\/kirsche2014001-768x576.jpg 768w, https:\/\/fkt-kst.at\/wp-content\/uploads\/2020\/11\/kirsche2014001.jpg 1280w\" sizes=\"(max-width: 1024px) 100vw, 1024px\" \/><\/figure><\/li><li class=\"blocks-gallery-item\"><figure><img loading=\"lazy\" width=\"1024\" height=\"768\" src=\"http:\/\/test.fkt-kst.at\/wp-content\/uploads\/2020\/11\/kirsche2014003-1024x768.jpg\" alt=\"\" data-id=\"94\" data-full-url=\"http:\/\/test.fkt-kst.at\/wp-content\/uploads\/2020\/11\/kirsche2014003.jpg\" data-link=\"http:\/\/test.fkt-kst.at\/?attachment_id=94\" class=\"wp-image-94\" srcset=\"https:\/\/fkt-kst.at\/wp-content\/uploads\/2020\/11\/kirsche2014003-1024x768.jpg 1024w, https:\/\/fkt-kst.at\/wp-content\/uploads\/2020\/11\/kirsche2014003-300x225.jpg 300w, https:\/\/fkt-kst.at\/wp-content\/uploads\/2020\/11\/kirsche2014003-768x576.jpg 768w, https:\/\/fkt-kst.at\/wp-content\/uploads\/2020\/11\/kirsche2014003.jpg 1280w\" sizes=\"(max-width: 1024px) 100vw, 1024px\" \/><\/figure><\/li><li class=\"blocks-gallery-item\"><figure><img loading=\"lazy\" width=\"1024\" height=\"768\" src=\"http:\/\/test.fkt-kst.at\/wp-content\/uploads\/2020\/11\/kirsche2014004-1024x768.jpg\" alt=\"\" data-id=\"95\" data-full-url=\"http:\/\/test.fkt-kst.at\/wp-content\/uploads\/2020\/11\/kirsche2014004.jpg\" data-link=\"http:\/\/test.fkt-kst.at\/?attachment_id=95\" class=\"wp-image-95\" srcset=\"https:\/\/fkt-kst.at\/wp-content\/uploads\/2020\/11\/kirsche2014004-1024x768.jpg 1024w, https:\/\/fkt-kst.at\/wp-content\/uploads\/2020\/11\/kirsche2014004-300x225.jpg 300w, https:\/\/fkt-kst.at\/wp-content\/uploads\/2020\/11\/kirsche2014004-768x576.jpg 768w, https:\/\/fkt-kst.at\/wp-content\/uploads\/2020\/11\/kirsche2014004.jpg 1280w\" sizes=\"(max-width: 1024px) 100vw, 1024px\" \/><\/figure><\/li><li class=\"blocks-gallery-item\"><figure><img loading=\"lazy\" width=\"1024\" height=\"768\" src=\"http:\/\/test.fkt-kst.at\/wp-content\/uploads\/2020\/11\/kirsche2014007-1024x768.jpg\" alt=\"\" data-id=\"96\" data-full-url=\"http:\/\/test.fkt-kst.at\/wp-content\/uploads\/2020\/11\/kirsche2014007.jpg\" data-link=\"http:\/\/test.fkt-kst.at\/?attachment_id=96\" class=\"wp-image-96\" srcset=\"https:\/\/fkt-kst.at\/wp-content\/uploads\/2020\/11\/kirsche2014007-1024x768.jpg 1024w, https:\/\/fkt-kst.at\/wp-content\/uploads\/2020\/11\/kirsche2014007-300x225.jpg 300w, https:\/\/fkt-kst.at\/wp-content\/uploads\/2020\/11\/kirsche2014007-768x576.jpg 768w, https:\/\/fkt-kst.at\/wp-content\/uploads\/2020\/11\/kirsche2014007.jpg 1280w\" sizes=\"(max-width: 1024px) 100vw, 1024px\" \/><\/figure><\/li><\/ul><\/figure>\n\n\n\n<p><\/p>\n\n\n\n<p class=\"has-medium-font-size\"><strong>GFK Ei<\/strong><\/p>\n\n\n\n<p>&#8222;Hexenwasser&#8220; in S\u00f6ll<\/p>\n\n\n\n<p>Simonalm &#8211; H\u00fchnermuseum &#8222;ein Eilight&#8220; <\/p>\n\n\n\n<figure class=\"wp-block-gallery columns-2 is-cropped\"><ul class=\"blocks-gallery-grid\"><li class=\"blocks-gallery-item\"><figure><img loading=\"lazy\" width=\"766\" height=\"1024\" src=\"https:\/\/fkt-kst.at\/wp-content\/uploads\/2022\/07\/WhatsApp-Image-2022-07-13-at-07.28.34-1-766x1024.jpeg\" alt=\"\" data-id=\"373\" data-full-url=\"https:\/\/fkt-kst.at\/wp-content\/uploads\/2022\/07\/WhatsApp-Image-2022-07-13-at-07.28.34-1.jpeg\" data-link=\"https:\/\/fkt-kst.at\/fkt-kunststofftechnik\/produkte\/gfk-kirsche\/whatsapp-image-2022-07-13-at-07-28-34-1\/\" class=\"wp-image-373\" srcset=\"https:\/\/fkt-kst.at\/wp-content\/uploads\/2022\/07\/WhatsApp-Image-2022-07-13-at-07.28.34-1-766x1024.jpeg 766w, https:\/\/fkt-kst.at\/wp-content\/uploads\/2022\/07\/WhatsApp-Image-2022-07-13-at-07.28.34-1-224x300.jpeg 224w, https:\/\/fkt-kst.at\/wp-content\/uploads\/2022\/07\/WhatsApp-Image-2022-07-13-at-07.28.34-1-768x1027.jpeg 768w, https:\/\/fkt-kst.at\/wp-content\/uploads\/2022\/07\/WhatsApp-Image-2022-07-13-at-07.28.34-1-1149x1536.jpeg 1149w, https:\/\/fkt-kst.at\/wp-content\/uploads\/2022\/07\/WhatsApp-Image-2022-07-13-at-07.28.34-1.jpeg 1508w\" sizes=\"(max-width: 766px) 100vw, 766px\" \/><\/figure><\/li><li class=\"blocks-gallery-item\"><figure><img loading=\"lazy\" width=\"765\" height=\"1024\" src=\"https:\/\/fkt-kst.at\/wp-content\/uploads\/2022\/07\/WhatsApp-Image-2022-07-13-at-07.28.36-2-1-765x1024.jpeg\" alt=\"\" data-id=\"374\" data-full-url=\"https:\/\/fkt-kst.at\/wp-content\/uploads\/2022\/07\/WhatsApp-Image-2022-07-13-at-07.28.36-2-1.jpeg\" data-link=\"https:\/\/fkt-kst.at\/fkt-kunststofftechnik\/produkte\/gfk-kirsche\/whatsapp-image-2022-07-13-at-07-28-36-2-1\/\" class=\"wp-image-374\" srcset=\"https:\/\/fkt-kst.at\/wp-content\/uploads\/2022\/07\/WhatsApp-Image-2022-07-13-at-07.28.36-2-1-765x1024.jpeg 765w, https:\/\/fkt-kst.at\/wp-content\/uploads\/2022\/07\/WhatsApp-Image-2022-07-13-at-07.28.36-2-1-224x300.jpeg 224w, https:\/\/fkt-kst.at\/wp-content\/uploads\/2022\/07\/WhatsApp-Image-2022-07-13-at-07.28.36-2-1-768x1027.jpeg 768w, https:\/\/fkt-kst.at\/wp-content\/uploads\/2022\/07\/WhatsApp-Image-2022-07-13-at-07.28.36-2-1-1148x1536.jpeg 1148w, https:\/\/fkt-kst.at\/wp-content\/uploads\/2022\/07\/WhatsApp-Image-2022-07-13-at-07.28.36-2-1.jpeg 1196w\" sizes=\"(max-width: 765px) 100vw, 765px\" \/><\/figure><\/li><\/ul><\/figure>\n","protected":false},"excerpt":{"rendered":"<p>GFK Blument\u00f6pfe Unsere Blument\u00f6pfe sind in verschiedenen Gr\u00f6\u00dfen und RAL-Farben erh\u00e4ltlich &#8211; auch mit Beleuchtung. Das Angebot wird Ihnen nach<\/p>\n","protected":false},"author":1,"featured_media":0,"parent":127,"menu_order":0,"comment_status":"closed","ping_status":"closed","template":"","meta":[],"_links":{"self":[{"href":"https:\/\/fkt-kst.at\/fkt-kunststofftechnik\/wp-json\/wp\/v2\/pages\/92"}],"collection":[{"href":"https:\/\/fkt-kst.at\/fkt-kunststofftechnik\/wp-json\/wp\/v2\/pages"}],"about":[{"href":"https:\/\/fkt-kst.at\/fkt-kunststofftechnik\/wp-json\/wp\/v2\/types\/page"}],"author":[{"embeddable":true,"href":"https:\/\/fkt-kst.at\/fkt-kunststofftechnik\/wp-json\/wp\/v2\/users\/1"}],"replies":[{"embeddable":true,"href":"https:\/\/fkt-kst.at\/fkt-kunststofftechnik\/wp-json\/wp\/v2\/comments?post=92"}],"version-history":[{"count":4,"href":"https:\/\/fkt-kst.at\/fkt-kunststofftechnik\/wp-json\/wp\/v2\/pages\/92\/revisions"}],"predecessor-version":[{"id":380,"href":"https:\/\/fkt-kst.at\/fkt-kunststofftechnik\/wp-json\/wp\/v2\/pages\/92\/revisions\/380"}],"up":[{"embeddable":true,"href":"https:\/\/fkt-kst.at\/fkt-kunststofftechnik\/wp-json\/wp\/v2\/pages\/127"}],"wp:attachment":[{"href":"https:\/\/fkt-kst.at\/fkt-kunststofftechnik\/wp-json\/wp\/v2\/media?parent=92"}],"curies":[{"name":"wp","href":"https:\/\/api.w.org\/{rel}","templated":true}]}}